{"id":33,"date":"2023-08-02T19:22:54","date_gmt":"2023-08-02T19:22:54","guid":{"rendered":"http:\/\/localhost\/ispome.inage.gov.mz\/?page_id=33"},"modified":"2023-12-30T15:29:06","modified_gmt":"2023-12-30T15:29:06","slug":"visao-missao-e-valores","status":"publish","type":"page","link":"https:\/\/ispome.inage.gov.mz\/?page_id=33","title":{"rendered":"Vis\u00e3o, Miss\u00e3o e Valores"},"content":{"rendered":"\n<p class=\"has-text-align-center\"><strong>(Miss\u00e3o)<\/strong><\/p>\n\n\n\n<p>Formar cidad\u00e3os competentes, comprometidos como desenvolvimento da ci\u00eancia, da tecnologia e da inova\u00e7\u00e3oatrav\u00e9s da incuba\u00e7\u00e3o de empresas e de servi\u00e7os profissionaisde qualidade, orientados para as \u00e1reas de Ci\u00eancias Agr\u00e1rias e de Geologia e Minas.<\/p>\n\n\n\n<p><\/p>\n\n\n\n<p class=\"has-text-align-center\"><strong>(Vis\u00e3o)<\/strong><\/p>\n\n\n\n<p>Ser uma institui\u00e7\u00e3o de refer\u00eancia no ensino polit\u00e9cnico e na inova\u00e7\u00e3o tecnol\u00f3gica a n\u00edvel nacional e internacional, afirmando- se como um centro de excel\u00eancia nas \u00e1reas de Ci\u00eancias Agr\u00e1rias e de Geologia e Minas.<\/p>\n\n\n\n<p><\/p>\n\n\n\n<p class=\"has-text-align-center\"><strong>(Objectivos)<\/strong><\/p>\n\n\n\n<p>S\u00e3o objectivos do ISPOME:<\/p>\n\n\n\n<p>formar nas diferentes \u00e1reas de conhecimento, t\u00e9cnicos e cientistas com elevado grau de qualifica\u00e7\u00e3o;<\/p>\n\n\n\n<p>realizar a investiga\u00e7\u00e3o cient\u00edfica, tecnol\u00f3gica e cultural como meio de forma\u00e7\u00e3o, de solu\u00e7\u00e3o dos problemas com relev\u00e2ncia para a sociedade e de apoio ao desenvolvimento do pa\u00eds, contribuindo para o patrim\u00f3nio cient\u00edfico da humanidade;<\/p>\n\n\n\n<p>assegurar a liga\u00e7\u00e3o com o trabalho em todos os sectores e ramos de actividade econ\u00f3mica e social, como meio de forma\u00e7\u00e3o t\u00e9cnica e profissional dos estudantes;<\/p>\n\n\n\n<p>realizar actividades de extens\u00e3o, principalmente atrav\u00e9s da difus\u00e3o e interc\u00e2mbio do conhecimento t\u00e9cnico- cient\u00edfico;<\/p>\n\n\n\n<p>realizar ac\u00e7\u00f5es de forma\u00e7\u00e3o cont\u00ednua para aperfei\u00e7oamento de compet\u00eancias dos profissionais graduados do ensino superior;<\/p>\n\n\n\n<p>desenvolver ac\u00e7\u00f5es de p\u00f3s-gradua\u00e7\u00e3o tendentes ao aperfei\u00e7oamento cient\u00edfico e t\u00e9cnico dos docentes e dos profissionais de n\u00edvel superior, em servi\u00e7o nos v\u00e1rios ramos e sectores de actividade;<\/p>\n\n\n\n<p>formar os docentes e cientistas necess\u00e1rios capazes de desenvolver o ensino, a investiga\u00e7\u00e3o e apoio ao desenvolvimento local;<\/p>\n\n\n\n<p>prestar servi\u00e7os especializados que tenham relev\u00e2ncia social e econ\u00f3mica que proporcionem oportunidades de produ\u00e7\u00e3o, neg\u00f3cio ou inova\u00e7\u00e3o na agricultura, florestas e explora\u00e7\u00e3o mineira;<\/p>\n\n\n\n<p>desenvolver a consci\u00eancia deontol\u00f3gica e o brio profissional.<\/p>\n\n\n\n<p><\/p>\n\n\n\n<p><strong>(\u00c1reas de Actividade)<\/strong><\/p>\n\n\n\n<p>O ISPOME tem as seguintes \u00e1reas de actividades:<\/p>\n\n\n\n<div class=\"wp-block-group is-vertical is-layout-flex wp-container-1\">\n<p>Ensino;<\/p>\n\n\n\n<p>Investiga\u00e7\u00e3o;<\/p>\n\n\n\n<p>Extens\u00e3o e Inova\u00e7\u00e3o Tecnol\u00f3gica;<\/p>\n\n\n\n<p>Incuba\u00e7\u00e3o de Empresas.<\/p>\n<\/div>\n","protected":false},"excerpt":{"rendered":"<p>(Miss\u00e3o) Formar cidad\u00e3os competentes, comprometidos como desenvolvimento da ci\u00eancia, da tecnologia e da inova\u00e7\u00e3oatrav\u00e9s da incuba\u00e7\u00e3o de empresas e de servi\u00e7os profissionaisde qualidade, orientados para as \u00e1reas de Ci\u00eancias Agr\u00e1rias e de Geologia e Minas. (Vis\u00e3o) Ser uma institui\u00e7\u00e3o de refer\u00eancia no ensino polit\u00e9cnico e na inova\u00e7\u00e3o tecnol\u00f3gica a n\u00edvel nacional e internacional, afirmando- se [&hellip;]<\/p>\n","protected":false},"author":1,"featured_media":0,"parent":0,"menu_order":0,"comment_status":"closed","ping_status":"closed","template":"","meta":[],"_links":{"self":[{"href":"https:\/\/ispome.inage.gov.mz\/index.php?rest_route=\/wp\/v2\/pages\/33"}],"collection":[{"href":"https:\/\/ispome.inage.gov.mz\/index.php?rest_route=\/wp\/v2\/pages"}],"about":[{"href":"https:\/\/ispome.inage.gov.mz\/index.php?rest_route=\/wp\/v2\/types\/page"}],"author":[{"embeddable":true,"href":"https:\/\/ispome.inage.gov.mz\/index.php?rest_route=\/wp\/v2\/users\/1"}],"replies":[{"embeddable":true,"href":"https:\/\/ispome.inage.gov.mz\/index.php?rest_route=%2Fwp%2Fv2%2Fcomments&post=33"}],"version-history":[{"count":2,"href":"https:\/\/ispome.inage.gov.mz\/index.php?rest_route=\/wp\/v2\/pages\/33\/revisions"}],"predecessor-version":[{"id":148,"href":"https:\/\/ispome.inage.gov.mz\/index.php?rest_route=\/wp\/v2\/pages\/33\/revisions\/148"}],"wp:attachment":[{"href":"https:\/\/ispome.inage.gov.mz\/index.php?rest_route=%2Fwp%2Fv2%2Fmedia&parent=33"}],"curies":[{"name":"wp","href":"https:\/\/api.w.org\/{rel}","templated":true}]}}